{"id":3503,"date":"2025-04-16T08:49:03","date_gmt":"2025-04-16T13:49:03","guid":{"rendered":"https:\/\/iberotecsas.com\/?post_type=product&#038;p=3503"},"modified":"2025-04-16T08:53:34","modified_gmt":"2025-04-16T13:53:34","slug":"controlador-vp-106","status":"publish","type":"product","link":"https:\/\/iberotecsas.com\/?product=controlador-vp-106","title":{"rendered":"Controlador VP 106"},"content":{"rendered":"<ol>\n<li>\uf0d8 CPU ARM de 32 bits, frecuencia principal de 72 MHz, velocidad de computaci\u00f3n r\u00e1pida.<\/li>\n<li>\uf0d8 Dise\u00f1o EMC, fuerte capacidad anti interferente, adecuado para entornos industriales.<\/li>\n<li>\uf0d8 Interfaz de celda de carga<\/li>\n<li>\uf0d8 Voltaje de excitaci\u00f3n\/corriente m\u00e1xima: DC5V\/200mA.<\/li>\n<li>\uf0d8 Rango de entrada de se\u00f1al: \u00b119,5mV.<\/li>\n<li>\uf0d8 Sensibilidad de salida del sensor de pesaje\/carga: 1,0~3,5 mV\/V.<\/li>\n<li>\uf0d8 \u03a3-\u0394ADC de 24 bits de alta precisi\u00f3n, resoluci\u00f3n: 1\/1.000.000.<\/li>\n<li>\uf0d8 Frecuencia de muestreo: 200 Hz.<\/li>\n<li>\uf0d8 Algoritmo de filtrado anti vibraciones \u00fanico.<\/li>\n<li>\uf0d8 Deriva cero: \u00b10,2\u03bcV\/\u2103 RTI (referido a la entrada).<\/li>\n<li>\uf0d8 Deriva de ganancia: \u00b15 ppm\/\u2103.<\/li>\n<li>\uf0d8 No linealidad: 0,005% FS.<\/li>\n<li>\uf0d8 Interfaz de comunicaci\u00f3n digital<\/li>\n<li>\uf0d8 Configuraci\u00f3n opcional: RS485 o CANBUS.<\/li>\n<li>\uf0d8 Protocolo de comunicaci\u00f3n: Maestro-esclavo Modbus RTU.<\/li>\n<li>\uf0d8 Se puede configurar la velocidad en baudios: 9600 [valor de f\u00e1brica], 19200, 115200 bps.<\/li>\n<li>\uf0d8 Verificaci\u00f3n de paridad: Ninguna.<\/li>\n<li>\uf0d8 Indicadores de trabajo<\/li>\n<li>\uf0d8 Fuente de alimentaci\u00f3n de trabajo: DC24V\u00b120%, m\u00e1x.<\/li>\n<li>\uf0d8 Dimensiones totales: 108\u00d7117\u00d754,9 mm (ancho \u00d7 alto \u00d7 profundidad).<\/li>\n<li>\uf0d8 Instalaci\u00f3n de carril gu\u00eda.<\/li>\n<li>\uf0d8 Tama\u00f1o de la ranura del riel gu\u00eda: 35 \u00d7 1,6 mm (ancho \u00d7 profundidad).<\/li>\n<li>\uf0d8 Temperatura de trabajo: -25 \u2103 ~ +45 \u2103.<\/li>\n<li>\uf0d8 Temperatura de almacenamiento: -30 \u2103 ~ +60 \u2103.<\/li>\n<li>\uf0d8 Humedad relativa: no m\u00e1s del 85% RH.<\/li>\n<\/ol>\n<p>\uf0d8 Peso: alrededor de 240 g.<\/p>\n","protected":false},"excerpt":{"rendered":"<p><a href=\"https:\/\/iberotecsas.com\/wp-content\/uploads\/2025\/04\/81101.pdf\">Catalogo del producto<\/a><\/p>\n<p>&nbsp;<\/p>\n<p><a href=\"https:\/\/iberotecsas.com\/wp-content\/uploads\/2025\/04\/VP-106-Vector-Weighing-controler-Manual.pdf\">Manual del producto<\/a><\/p>\n","protected":false},"featured_media":3504,"template":"","meta":[],"product_brand":[],"product_cat":[18],"product_tag":[],"class_list":{"0":"post-3503","1":"product","2":"type-product","3":"status-publish","4":"has-post-thumbnail","6":"product_cat-indicadores","7":"post","8":"post-with-thumbnail","9":"post-with-thumbnail-large","11":"first","12":"instock","13":"shipping-taxable","14":"product-type-simple"},"jetpack_sharing_enabled":true,"_links":{"self":[{"href":"https:\/\/iberotecsas.com\/index.php?rest_route=\/wp\/v2\/product\/3503","targetHints":{"allow":["GET"]}}],"collection":[{"href":"https:\/\/iberotecsas.com\/index.php?rest_route=\/wp\/v2\/product"}],"about":[{"href":"https:\/\/iberotecsas.com\/index.php?rest_route=\/wp\/v2\/types\/product"}],"version-history":[{"count":4,"href":"https:\/\/iberotecsas.com\/index.php?rest_route=\/wp\/v2\/product\/3503\/revisions"}],"predecessor-version":[{"id":3510,"href":"https:\/\/iberotecsas.com\/index.php?rest_route=\/wp\/v2\/product\/3503\/revisions\/3510"}],"wp:featuredmedia":[{"embeddable":true,"href":"https:\/\/iberotecsas.com\/index.php?rest_route=\/wp\/v2\/media\/3504"}],"wp:attachment":[{"href":"https:\/\/iberotecsas.com\/index.php?rest_route=%2Fwp%2Fv2%2Fmedia&parent=3503"}],"wp:term":[{"taxonomy":"product_brand","embeddable":true,"href":"https:\/\/iberotecsas.com\/index.php?rest_route=%2Fwp%2Fv2%2Fproduct_brand&post=3503"},{"taxonomy":"product_cat","embeddable":true,"href":"https:\/\/iberotecsas.com\/index.php?rest_route=%2Fwp%2Fv2%2Fproduct_cat&post=3503"},{"taxonomy":"product_tag","embeddable":true,"href":"https:\/\/iberotecsas.com\/index.php?rest_route=%2Fwp%2Fv2%2Fproduct_tag&post=3503"}],"curies":[{"name":"wp","href":"https:\/\/api.w.org\/{rel}","templated":true}]}}