{"id":2996,"date":"2024-01-30T18:19:39","date_gmt":"2024-01-30T23:19:39","guid":{"rendered":"https:\/\/iberotecsas.com\/?post_type=product&#038;p=2996"},"modified":"2024-01-31T23:58:45","modified_gmt":"2024-02-01T04:58:45","slug":"revolution","status":"publish","type":"product","link":"https:\/\/iberotecsas.com\/?product=revolution","title":{"rendered":"Revolution"},"content":{"rendered":"<p><a href=\"https:\/\/iberotecsas.com\/wp-content\/uploads\/2024\/01\/revolution.zip\" target=\"_blank\" rel=\"noopener\">Software download<\/a><\/p>\n","protected":false},"excerpt":{"rendered":"<p id=\"tw-target-text\" class=\"tw-data-text tw-text-large tw-ta\" dir=\"ltr\" data-placeholder=\"Traducci\u00f3n\" data-ved=\"2ahUKEwic9tPgnIaEAxWvjLAFHfgRBUkQ3ewLegQICRAU\"><span class=\"Y2IQFc\" lang=\"es\">Revolution combina una interfaz de usuario de 32 bits con mayor funcionalidad y facilidad de uso. Un dise\u00f1o modular le permite instalar el software principal y el m\u00f3dulo espec\u00edfico del modelo RLWS que est\u00e1 configurando. Las funciones f\u00e1ciles de usar, como el Asistente de b\u00e1scula, el Asistente de procesamiento por lotes y el Asistente de calibraci\u00f3n, brindan indicaciones al usuario paso a paso para una f\u00e1cil configuraci\u00f3n del indicador. El paquete Revolution se puede utilizar para programar y configurar todos los modelos de Rice Lake con excepci\u00f3n del 920i. La utilidad Revolution proporciona funciones utilizadas para respaldar la gesti\u00f3n de bases de datos, edici\u00f3n de programas iRite, configuraci\u00f3n, calibraci\u00f3n, personalizaci\u00f3n y copia de seguridad de los ajustes de configuraci\u00f3n de un indicador compatible mediante una PC. Los valores de calibraci\u00f3n, la configuraci\u00f3n de la b\u00e1scula, las rutinas por lotes y el formato de los tickets de impresi\u00f3n se pueden configurar, guardar y restaurar en un indicador compatible utilizando Revolution<\/span><\/p>\n","protected":false},"featured_media":102,"template":"","meta":[],"product_brand":[],"product_cat":[18,29],"product_tag":[],"class_list":{"0":"post-2996","1":"product","2":"type-product","3":"status-publish","4":"has-post-thumbnail","6":"product_cat-indicadores","7":"product_cat-software","8":"post","9":"post-with-thumbnail","10":"post-with-thumbnail-large","12":"first","13":"instock","14":"shipping-taxable","15":"product-type-simple"},"jetpack_sharing_enabled":true,"_links":{"self":[{"href":"https:\/\/iberotecsas.com\/index.php?rest_route=\/wp\/v2\/product\/2996","targetHints":{"allow":["GET"]}}],"collection":[{"href":"https:\/\/iberotecsas.com\/index.php?rest_route=\/wp\/v2\/product"}],"about":[{"href":"https:\/\/iberotecsas.com\/index.php?rest_route=\/wp\/v2\/types\/product"}],"version-history":[{"count":3,"href":"https:\/\/iberotecsas.com\/index.php?rest_route=\/wp\/v2\/product\/2996\/revisions"}],"predecessor-version":[{"id":3001,"href":"https:\/\/iberotecsas.com\/index.php?rest_route=\/wp\/v2\/product\/2996\/revisions\/3001"}],"wp:featuredmedia":[{"embeddable":true,"href":"https:\/\/iberotecsas.com\/index.php?rest_route=\/wp\/v2\/media\/102"}],"wp:attachment":[{"href":"https:\/\/iberotecsas.com\/index.php?rest_route=%2Fwp%2Fv2%2Fmedia&parent=2996"}],"wp:term":[{"taxonomy":"product_brand","embeddable":true,"href":"https:\/\/iberotecsas.com\/index.php?rest_route=%2Fwp%2Fv2%2Fproduct_brand&post=2996"},{"taxonomy":"product_cat","embeddable":true,"href":"https:\/\/iberotecsas.com\/index.php?rest_route=%2Fwp%2Fv2%2Fproduct_cat&post=2996"},{"taxonomy":"product_tag","embeddable":true,"href":"https:\/\/iberotecsas.com\/index.php?rest_route=%2Fwp%2Fv2%2Fproduct_tag&post=2996"}],"curies":[{"name":"wp","href":"https:\/\/api.w.org\/{rel}","templated":true}]}}