{"id":2737,"date":"2024-01-25T15:24:56","date_gmt":"2024-01-25T20:24:56","guid":{"rendered":"https:\/\/iberotecsas.com\/?post_type=product&#038;p=2737"},"modified":"2025-04-16T08:26:27","modified_gmt":"2025-04-16T13:26:27","slug":"indicador-zm-303-weigh-tronix-ibn-ip-69-k","status":"publish","type":"product","link":"https:\/\/iberotecsas.com\/?product=indicador-zm-303-weigh-tronix-ibn-ip-69-k","title":{"rendered":"INDICADOR ZM 303 WEIGH TRONIX IBN IP 69 K"},"content":{"rendered":"<p><a href=\"https:\/\/iberotecsas.com\/wp-content\/uploads\/2024\/01\/zm300series_spec_es_500873-5.pdf\">Caracteristicas<\/a><\/p>\n<p><a href=\"https:\/\/iberotecsas.com\/wp-content\/uploads\/2025\/04\/ZM303_u_es_500845.pdf\">Manual de usuario<\/a><\/p>\n","protected":false},"excerpt":{"rendered":"<p>Aplicaciones de funcionamiento<br \/>\nPesaje general, acumulaci\u00f3n, verificaci\u00f3n de peso, recuento, medida de pico, procesamiento de<br \/>\nlotes y pantalla remota<br \/>\nUnidad de medida<br \/>\nSeis y configurables (libras, kilogramos, onzas, gramos, libras\/onzas, personalizado)<br \/>\nSelecciones de capacidad<br \/>\n9.999.999 con cero a cinco posiciones decimales<br \/>\nSelecciones graduales<br \/>\nM\u00faltiplos y subm\u00faltiplos de 1, 2 y 5<br \/>\nSelecciones programables<br \/>\nMargen de cero, detecci\u00f3n de movimiento, seguimiento de cero autom\u00e1tico, aproximaci\u00f3n lineal<br \/>\nde cinco puntos.<br \/>\nHora y fecha<br \/>\nHora\/fecha\/a\u00f1o (formato de 12 \u00f3 24 horas) amparado por bater\u00eda<br \/>\nCalibraci\u00f3n<br \/>\nDos a cinco puntos guardados<br \/>\n\u00cdndice de medida anal\u00f3gica a digital<br \/>\n80 Hz<br \/>\nResoluci\u00f3n interna<br \/>\n53.687.100 recuentos por mV\/V por segundo<br \/>\nFiltrado digital<br \/>\nFiltrado armonizador con constante y umbral adaptables<br \/>\nAutodiagn\u00f3sticos<br \/>\nPantalla, teclas, entradas, salidas, puerto serie<\/p>\n","protected":false},"featured_media":137,"template":"","meta":[],"product_brand":[],"product_cat":[18],"product_tag":[],"class_list":{"0":"post-2737","1":"product","2":"type-product","3":"status-publish","4":"has-post-thumbnail","6":"product_cat-indicadores","7":"post","8":"post-with-thumbnail","9":"post-with-thumbnail-large","11":"first","12":"instock","13":"shipping-taxable","14":"product-type-simple"},"jetpack_sharing_enabled":true,"_links":{"self":[{"href":"https:\/\/iberotecsas.com\/index.php?rest_route=\/wp\/v2\/product\/2737","targetHints":{"allow":["GET"]}}],"collection":[{"href":"https:\/\/iberotecsas.com\/index.php?rest_route=\/wp\/v2\/product"}],"about":[{"href":"https:\/\/iberotecsas.com\/index.php?rest_route=\/wp\/v2\/types\/product"}],"version-history":[{"count":5,"href":"https:\/\/iberotecsas.com\/index.php?rest_route=\/wp\/v2\/product\/2737\/revisions"}],"predecessor-version":[{"id":3498,"href":"https:\/\/iberotecsas.com\/index.php?rest_route=\/wp\/v2\/product\/2737\/revisions\/3498"}],"wp:featuredmedia":[{"embeddable":true,"href":"https:\/\/iberotecsas.com\/index.php?rest_route=\/wp\/v2\/media\/137"}],"wp:attachment":[{"href":"https:\/\/iberotecsas.com\/index.php?rest_route=%2Fwp%2Fv2%2Fmedia&parent=2737"}],"wp:term":[{"taxonomy":"product_brand","embeddable":true,"href":"https:\/\/iberotecsas.com\/index.php?rest_route=%2Fwp%2Fv2%2Fproduct_brand&post=2737"},{"taxonomy":"product_cat","embeddable":true,"href":"https:\/\/iberotecsas.com\/index.php?rest_route=%2Fwp%2Fv2%2Fproduct_cat&post=2737"},{"taxonomy":"product_tag","embeddable":true,"href":"https:\/\/iberotecsas.com\/index.php?rest_route=%2Fwp%2Fv2%2Fproduct_tag&post=2737"}],"curies":[{"name":"wp","href":"https:\/\/api.w.org\/{rel}","templated":true}]}}