{"id":2731,"date":"2024-01-25T15:24:56","date_gmt":"2024-01-25T20:24:56","guid":{"rendered":"https:\/\/iberotecsas.com\/?post_type=product&#038;p=2731"},"modified":"2024-05-23T16:37:19","modified_gmt":"2024-05-23T21:37:19","slug":"indicador-vi-160","status":"publish","type":"product","link":"https:\/\/iberotecsas.com\/?product=indicador-vi-160","title":{"rendered":"INDICADOR VI 160 VECTOR"},"content":{"rendered":"<p><a href=\"https:\/\/iberotecsas.com\/wp-content\/uploads\/2024\/01\/VI-160-users-manual.pdf\">Manual de Usuario<\/a><\/p>\n<p><a href=\"https:\/\/iberotecsas.com\/wp-content\/uploads\/2024\/01\/652.pdf\">Ficha del Producto<\/a><\/p>\n<p><!--more--><\/p>\n","protected":false},"excerpt":{"rendered":"<p>Funci\u00f3n b\u00e1sica<br \/>\nEstructura de apariencia sencilla<br \/>\n\u25c6 Pantalla grande de 2 pulgadas con pantalla digital resaltada en blanco<br \/>\n\u25c6 Panel t\u00e1ctil de acr\u00edlico<\/p>\n<p>Caracter\u00edsticas funcionales<br \/>\n\u25c6 Alta precisi\u00f3n, legibilidad de hasta 1\/100000<br \/>\n\u25c6 Multifuncional<br \/>\n\u25c6 RS-485 est\u00e1ndar, protocolo Modbus est\u00e1ndar<br \/>\n\u25c6 Bascula para animales<br \/>\n\u25c6 Alarmas de l\u00edmite superior e inferior<br \/>\n\u25c6 Dise\u00f1o modular<br \/>\n\u25c6 M\u00f3dulo de salida de control (puede utilizarse para alarmas de l\u00edmite superior e inferior,<br \/>\nconectado a luces de alarma de tres colores)<\/p>\n<p>Fuente de alimentaci\u00f3n segura y respetuosa con el medio ambiente<br \/>\n\u25c6 4 bater\u00edas de litio de 2200mAh con una vida \u00fatil de bater\u00eda muy prolongada<br \/>\n\u25c6 Fuente de alimentaci\u00f3n del adaptador de CA de 110V<\/p>\n<p>&nbsp;<\/p>\n","protected":false},"featured_media":2962,"template":"","meta":[],"product_brand":[],"product_cat":[18],"product_tag":[],"class_list":{"0":"post-2731","1":"product","2":"type-product","3":"status-publish","4":"has-post-thumbnail","6":"product_cat-indicadores","7":"post","8":"post-with-thumbnail","9":"post-with-thumbnail-large","11":"first","12":"instock","13":"shipping-taxable","14":"product-type-simple"},"jetpack_sharing_enabled":true,"_links":{"self":[{"href":"https:\/\/iberotecsas.com\/index.php?rest_route=\/wp\/v2\/product\/2731","targetHints":{"allow":["GET"]}}],"collection":[{"href":"https:\/\/iberotecsas.com\/index.php?rest_route=\/wp\/v2\/product"}],"about":[{"href":"https:\/\/iberotecsas.com\/index.php?rest_route=\/wp\/v2\/types\/product"}],"version-history":[{"count":5,"href":"https:\/\/iberotecsas.com\/index.php?rest_route=\/wp\/v2\/product\/2731\/revisions"}],"predecessor-version":[{"id":3382,"href":"https:\/\/iberotecsas.com\/index.php?rest_route=\/wp\/v2\/product\/2731\/revisions\/3382"}],"wp:featuredmedia":[{"embeddable":true,"href":"https:\/\/iberotecsas.com\/index.php?rest_route=\/wp\/v2\/media\/2962"}],"wp:attachment":[{"href":"https:\/\/iberotecsas.com\/index.php?rest_route=%2Fwp%2Fv2%2Fmedia&parent=2731"}],"wp:term":[{"taxonomy":"product_brand","embeddable":true,"href":"https:\/\/iberotecsas.com\/index.php?rest_route=%2Fwp%2Fv2%2Fproduct_brand&post=2731"},{"taxonomy":"product_cat","embeddable":true,"href":"https:\/\/iberotecsas.com\/index.php?rest_route=%2Fwp%2Fv2%2Fproduct_cat&post=2731"},{"taxonomy":"product_tag","embeddable":true,"href":"https:\/\/iberotecsas.com\/index.php?rest_route=%2Fwp%2Fv2%2Fproduct_tag&post=2731"}],"curies":[{"name":"wp","href":"https:\/\/api.w.org\/{rel}","templated":true}]}}