{"id":2725,"date":"2024-01-25T15:24:56","date_gmt":"2024-01-25T20:24:56","guid":{"rendered":"https:\/\/iberotecsas.com\/?post_type=product&#038;p=2725"},"modified":"2024-01-31T08:25:00","modified_gmt":"2024-01-31T13:25:00","slug":"indicador-ti-500-e","status":"publish","type":"product","link":"https:\/\/iberotecsas.com\/?product=indicador-ti-500-e","title":{"rendered":"INDICADOR TI 500 E"},"content":{"rendered":"<p><a href=\"https:\/\/iberotecsas.com\/wp-content\/uploads\/2024\/01\/TI-500E-Version-1.22S.pdf\" target=\"_blank\" rel=\"noopener\">Manual de Usuario<\/a><\/p>\n","protected":false},"excerpt":{"rendered":"<p>La TI-500 es un indicador digital certificado por NTEP y Canad\u00e1 alojado en una carcasa ABS duradera. Est\u00e1 equipado con una pantalla LCD de 0,9&#8243; f\u00e1cil de leer, con luz de fondo. Capaz de alimentar celdas de carga de hasta 4-350 ohmios, este sencillo dispositivo puede manejar una multitud de funciones. Un puerto RS-232 full d\u00faplex puede transmitir datos a pedido. o continuamente para satisfacer los requisitos de entrada de una amplia variedad de dispositivos perif\u00e9ricos, incluidas impresoras, pantallas remotas y computadoras. La TI-500 complementa el rendimiento confiable y el valor que se encuentran en la TI-500E. Los par\u00e1metros de configuraci\u00f3n y calibraci\u00f3n se comparten con otros Indicadores de la serie TI para un uso y mantenimiento consistentemente f\u00e1ciles y sin problemas. Lo mejor de todo es que el TI-500 puede funcionar con bater\u00edas alcalinas AA o bater\u00edas recargables. Se incluye un adaptador de CA con este indicador. Todos los indicadores Transcell vienen con un adaptador.<\/p>\n<p>&nbsp;<\/p>\n","protected":false},"featured_media":3005,"template":"","meta":[],"product_brand":[],"product_cat":[18],"product_tag":[],"class_list":{"0":"post-2725","1":"product","2":"type-product","3":"status-publish","4":"has-post-thumbnail","6":"product_cat-indicadores","7":"post","8":"post-with-thumbnail","9":"post-with-thumbnail-large","11":"first","12":"instock","13":"shipping-taxable","14":"product-type-simple"},"jetpack_sharing_enabled":true,"_links":{"self":[{"href":"https:\/\/iberotecsas.com\/index.php?rest_route=\/wp\/v2\/product\/2725","targetHints":{"allow":["GET"]}}],"collection":[{"href":"https:\/\/iberotecsas.com\/index.php?rest_route=\/wp\/v2\/product"}],"about":[{"href":"https:\/\/iberotecsas.com\/index.php?rest_route=\/wp\/v2\/types\/product"}],"version-history":[{"count":3,"href":"https:\/\/iberotecsas.com\/index.php?rest_route=\/wp\/v2\/product\/2725\/revisions"}],"predecessor-version":[{"id":3006,"href":"https:\/\/iberotecsas.com\/index.php?rest_route=\/wp\/v2\/product\/2725\/revisions\/3006"}],"wp:featuredmedia":[{"embeddable":true,"href":"https:\/\/iberotecsas.com\/index.php?rest_route=\/wp\/v2\/media\/3005"}],"wp:attachment":[{"href":"https:\/\/iberotecsas.com\/index.php?rest_route=%2Fwp%2Fv2%2Fmedia&parent=2725"}],"wp:term":[{"taxonomy":"product_brand","embeddable":true,"href":"https:\/\/iberotecsas.com\/index.php?rest_route=%2Fwp%2Fv2%2Fproduct_brand&post=2725"},{"taxonomy":"product_cat","embeddable":true,"href":"https:\/\/iberotecsas.com\/index.php?rest_route=%2Fwp%2Fv2%2Fproduct_cat&post=2725"},{"taxonomy":"product_tag","embeddable":true,"href":"https:\/\/iberotecsas.com\/index.php?rest_route=%2Fwp%2Fv2%2Fproduct_tag&post=2725"}],"curies":[{"name":"wp","href":"https:\/\/api.w.org\/{rel}","templated":true}]}}