{"id":25,"date":"2024-01-08T19:59:32","date_gmt":"2024-01-09T00:59:32","guid":{"rendered":"https:\/\/iberotecsas.com\/?post_type=product&#038;p=25"},"modified":"2025-04-16T08:32:14","modified_gmt":"2025-04-16T13:32:14","slug":"__trashed-5","status":"publish","type":"product","link":"https:\/\/iberotecsas.com\/?product=__trashed-5","title":{"rendered":"INDICADOR ZM 201 ACERO INOXIDABLE"},"content":{"rendered":"<p><a href=\"https:\/\/iberotecsas.com\/wp-content\/uploads\/2024\/01\/20126.pdf\" target=\"_blank\" rel=\"noopener\">Catalogo<\/a><\/p>\n<p>&nbsp;<\/p>\n<p><a href=\"https:\/\/iberotecsas.com\/wp-content\/uploads\/2025\/04\/ZM201_u_en_501083.pdf\">Manual de Usuario<\/a><\/p>\n","protected":false},"excerpt":{"rendered":"<p>GENERALES<\/p>\n<p>Aplicaciones operativas<\/p>\n<p>Pesaje general, pesaje general con acumulaci\u00f3n, pesaje de verificaci\u00f3n, conteo, medici\u00f3n de pico, lotes y pantalla remota<\/p>\n<p>Calibraci\u00f3n<\/p>\n<p>Se almacenan dos a cinco puntos<\/p>\n<p>Tasa de medici\u00f3n anal\u00f3gica a digital<\/p>\n<p>80 Hz<\/p>\n<p>Unidad de medida<\/p>\n<p>Dos, configurable (libras, kilogramos, onzas, gramos, libras\/onzas, personalizada)<\/p>\n<p>Selecciones de capacidad<\/p>\n<p>9.999.999 con cero ubicado con cinco decimales<\/p>\n<p>Selecciones incrementales<\/p>\n<p>M\u00faltiplos y subm\u00faltiplos de 1, 2, 5<\/p>\n<p>Selecciones programables<\/p>\n<p>Rango cero, detecci\u00f3n de movimiento, rastreo de cero autom\u00e1tico, linealizaci\u00f3n de cinco puntos<\/p>\n<p>Hora y fecha<\/p>\n<p>Hola\/fecha\/a\u00f1o con respaldo de bater\u00eda (formato de 12 o 24 horas)<\/p>\n<p>Resoluci\u00f3n interna<\/p>\n<p>53.687.100 conteos por mV\/V por segundo<\/p>\n<p>Filtraci\u00f3n digital<\/p>\n<p>Filtraci\u00f3n de armonizador con umbral y constante adaptables<\/p>\n<p>Autodiagn\u00f3stico<\/p>\n<p>Pantalla, teclas, entradas, salidas, puerto serial<\/p>\n<p>EL\u00c9CTRICAS<\/p>\n<p>Requisitos de alimentaci\u00f3n<\/p>\n<p>Voltaje de l\u00ednea: 90 a 264 VCA (110-240 VCA nominal), frecuencia de 50 o 60 Hz, 12 a 36 VCC<\/p>\n<p>Consumo de energ\u00eda: estimado en 150 mA a 12 VCC para un sensor de peso y 180 mA a 12 VCC para cuatro sensores de<\/p>\n<p>peso<\/p>\n<p>Excitaci\u00f3n<\/p>\n<p>5 VCC, con protecci\u00f3n contra cortocircuitos<\/p>\n<p>Compatible con hasta cuatro sensores de peso de 350 ohmios<\/p>\n<p>4 o 6 conductores con conductores de detecci\u00f3n<\/p>\n<p>Conectores de enchufe desmontables<\/p>\n<p>Rango de entrada de se\u00f1ales anal\u00f3gicas<\/p>\n<p>-1 m\/V\/V a 5 mV\/V<\/p>\n<p>Sensibilidad de se\u00f1al anal\u00f3gica<\/p>\n<p>0,1 \u00b5V\/V\/divisiones m\u00ednimo<\/p>\n<p>0,5 \u00b5V\/V\/divisiones recomendadas<\/p>\n<p>INTERFAZ DEL USUARIO<\/p>\n<p>Teclas operativas<\/p>\n<p>Tare (tara), Select (seleccionar), Zero (cero), Print (impresi\u00f3n), Units (unidades), F1, On\/Off (conexi\u00f3n\/desconexi\u00f3n) (no hay<\/p>\n<p>teclas en el procesador de se\u00f1ales)<\/p>\n<p>Anunciadores de estado<\/p>\n<p>Center of Zero (centro de cero), Motion (movimiento), Gross (bruto), Net (neto), Tare (tara), Count (conteo), Print<\/p>\n<p>(impresi\u00f3n), Battery Status (estado de la bater\u00eda), Setpoint 1 (punto de ajuste 1), Setpoint 2 (punto de ajuste 2),<\/p>\n<p>Setpoint 3 (punto de ajuste 3), gr\u00e1fico de barras rellenables o gr\u00e1fico de barras Over\/Under\/Accept (m\u00e1s\/menos\/<\/p>\n<p>aceptar), lb (libras), kg, Preset Tare (tara preconfigurada), Total, (Unidad personalizada de medida: lb\/oz (libra\/onza),<\/p>\n<p>ton (tonelada), gram (gramo), configurable), Active Ethernet connection (conexi\u00f3n Ethernet activa)<\/p>\n<p>Teclado<\/p>\n<p>7 teclas, de policarbonato qu\u00edmicamente resistente<\/p>\n","protected":false},"featured_media":136,"template":"","meta":[],"product_brand":[],"product_cat":[18],"product_tag":[],"class_list":{"0":"post-25","1":"product","2":"type-product","3":"status-publish","4":"has-post-thumbnail","6":"product_cat-indicadores","7":"post","8":"post-with-thumbnail","9":"post-with-thumbnail-large","11":"first","12":"instock","13":"shipping-taxable","14":"product-type-simple"},"jetpack_sharing_enabled":true,"_links":{"self":[{"href":"https:\/\/iberotecsas.com\/index.php?rest_route=\/wp\/v2\/product\/25","targetHints":{"allow":["GET"]}}],"collection":[{"href":"https:\/\/iberotecsas.com\/index.php?rest_route=\/wp\/v2\/product"}],"about":[{"href":"https:\/\/iberotecsas.com\/index.php?rest_route=\/wp\/v2\/types\/product"}],"version-history":[{"count":5,"href":"https:\/\/iberotecsas.com\/index.php?rest_route=\/wp\/v2\/product\/25\/revisions"}],"predecessor-version":[{"id":3502,"href":"https:\/\/iberotecsas.com\/index.php?rest_route=\/wp\/v2\/product\/25\/revisions\/3502"}],"wp:featuredmedia":[{"embeddable":true,"href":"https:\/\/iberotecsas.com\/index.php?rest_route=\/wp\/v2\/media\/136"}],"wp:attachment":[{"href":"https:\/\/iberotecsas.com\/index.php?rest_route=%2Fwp%2Fv2%2Fmedia&parent=25"}],"wp:term":[{"taxonomy":"product_brand","embeddable":true,"href":"https:\/\/iberotecsas.com\/index.php?rest_route=%2Fwp%2Fv2%2Fproduct_brand&post=25"},{"taxonomy":"product_cat","embeddable":true,"href":"https:\/\/iberotecsas.com\/index.php?rest_route=%2Fwp%2Fv2%2Fproduct_cat&post=25"},{"taxonomy":"product_tag","embeddable":true,"href":"https:\/\/iberotecsas.com\/index.php?rest_route=%2Fwp%2Fv2%2Fproduct_tag&post=25"}],"curies":[{"name":"wp","href":"https:\/\/api.w.org\/{rel}","templated":true}]}}